{"id":1110,"date":"2018-06-01T13:01:22","date_gmt":"2018-06-01T13:01:22","guid":{"rendered":"http:\/\/demo.zantetheme.com\/?page_id=1110"},"modified":"2021-11-06T02:17:17","modified_gmt":"2021-11-06T02:17:17","slug":"testimonials","status":"publish","type":"page","link":"https:\/\/hinkhongvilla.com\/de\/empfehlungsschreiben\/","title":{"rendered":"Testimonials"},"content":{"rendered":"<div class=\"wpb-content-wrapper\"><div class=\"vc_row wpb_row vc_row-fluid\"><div class=\"wpb_column vc_column_container vc_col-sm-12\"><div class=\"vc_column-inner\"><div class=\"wpb_wrapper\">\r\n        <div class=\"row flex-row\">\r\n            \t\t\t\t\t\t\t\t<!-- TESTIMONIAL GRID ITEM -->\r\n                <div class=\"col-lg-4 col-sm-6\">\r\n                    <div class=\"testimonial-item\">\r\n\t\t                  <div class=\"review\">\r\n\t\t                        <h3>Great place<\/h3>\r\n                                <div class=\"rating\">\r\n                                    <i class=\"fa fa-star\" aria-hidden=\"true\"><\/i><i class=\"fa fa-star\" aria-hidden=\"true\"><\/i><i class=\"fa fa-star\" aria-hidden=\"true\"><\/i><i class=\"fa fa-star\" aria-hidden=\"true\"><\/i><i class=\"fa fa-star\" aria-hidden=\"true\"><\/i>                                <\/div>\r\n\t\t                        <p>Toller Ort zum Entspannen, Khun Katai ist ein gro\u00dfartiger Gastgeber!!! Wir werden wiederkommen!<\/p>\r\n\t\t                    <\/div>\r\n\t\t                    <div class=\"author\">\r\n                                \t\t                        <div class=\"author-info\">\r\n\t\t                            <h5>Isatree P.<\/h5>\r\n\t\t                            <span class=\"author-loacation\">Thailand<\/span>\r\n\t\t                        <\/div>\r\n\t\t                    <\/div>\r\n\t\t              <\/div>\r\n                <\/div>\r\n\r\n            \t\t\t\t\t\t\t\t<!-- TESTIMONIAL GRID ITEM -->\r\n                <div class=\"col-lg-4 col-sm-6\">\r\n                    <div class=\"testimonial-item\">\r\n\t\t                  <div class=\"review\">\r\n\t\t                        <h3>Welcome<\/h3>\r\n                                <div class=\"rating\">\r\n                                    <i class=\"fa fa-star\" aria-hidden=\"true\"><\/i><i class=\"fa fa-star\" aria-hidden=\"true\"><\/i><i class=\"fa fa-star\" aria-hidden=\"true\"><\/i><i class=\"fa fa-star\" aria-hidden=\"true\"><\/i><i class=\"fa fa-star\" aria-hidden=\"true\"><\/i>                                <\/div>\r\n\t\t                        <p>Riesiges Grundst\u00fcck umgeben von Obstb\u00e4umen und die Gastgeber sind super einladend und freundlich. Rustikal, kein Schnickschnack und ein friedlicher Ort zu bleiben. Wirklich genossen unsere Zeit hier, danke, dass Sie uns haben.<\/p>\r\n\t\t                    <\/div>\r\n\t\t                    <div class=\"author\">\r\n                                \t\t                        <div class=\"author-info\">\r\n\t\t                            <h5>Sopaluk P.<\/h5>\r\n\t\t                            <span class=\"author-loacation\">Thailand<\/span>\r\n\t\t                        <\/div>\r\n\t\t                    <\/div>\r\n\t\t              <\/div>\r\n                <\/div>\r\n\r\n            \t\t\t\t\t\t\t\t<!-- TESTIMONIAL GRID ITEM -->\r\n                <div class=\"col-lg-4 col-sm-6\">\r\n                    <div class=\"testimonial-item\">\r\n\t\t                  <div class=\"review\">\r\n\t\t                        <h3>Great time<\/h3>\r\n                                <div class=\"rating\">\r\n                                    <i class=\"fa fa-star\" aria-hidden=\"true\"><\/i><i class=\"fa fa-star\" aria-hidden=\"true\"><\/i><i class=\"fa fa-star\" aria-hidden=\"true\"><\/i><i class=\"fa fa-star\" aria-hidden=\"true\"><\/i><i class=\"fa fa-star\" aria-hidden=\"true\"><\/i>                                <\/div>\r\n\t\t                        <p>Ich und meine Familie hatten eine tolle Zeit, meine Tochter hat einen Fisch gefangen, den wir am Abend gegrillt haben. Die Bungalows sind neu und sehr sch\u00f6n mit Klimaanlage. Sie haben auch eine Bar. Die Aussicht auf die Berge und die Natur in Mae Rim ist sehr sch\u00f6n. Vielen Dank f\u00fcr die sch\u00f6ne Zeit. Wir werden wiederkommen.<\/p>\r\n\t\t                    <\/div>\r\n\t\t                    <div class=\"author\">\r\n                                \t\t                        <div class=\"author-info\">\r\n\t\t                            <h5>G\u00fcnter H.<\/h5>\r\n\t\t                            <span class=\"author-loacation\">Deutschland<\/span>\r\n\t\t                        <\/div>\r\n\t\t                    <\/div>\r\n\t\t              <\/div>\r\n                <\/div>\r\n\r\n            \t\t\t\t\t\t\t\t<!-- TESTIMONIAL GRID ITEM -->\r\n                <div class=\"col-lg-4 col-sm-6\">\r\n                    <div class=\"testimonial-item\">\r\n\t\t                  <div class=\"review\">\r\n\t\t                        <h3>Amazing<\/h3>\r\n                                <div class=\"rating\">\r\n                                    <i class=\"fa fa-star\" aria-hidden=\"true\"><\/i><i class=\"fa fa-star\" aria-hidden=\"true\"><\/i><i class=\"fa fa-star\" aria-hidden=\"true\"><\/i><i class=\"fa fa-star\" aria-hidden=\"true\"><\/i><i class=\"fa fa-star\" aria-hidden=\"true\"><\/i>                                <\/div>\r\n\t\t                        <p>Erstaunlich friedlichen Ort in einem gro\u00dfen Garten mit sch\u00f6nen und sauberen Haus und die Lage ist gut, nicht weit von Chiang Mai auch der Besitzer ist sehr freundlich und hilfsbereit k\u00f6nnen Sie erreichen, was Sie brauchen.... sehr empfehlen diesen Ort.<\/p>\r\n\t\t                    <\/div>\r\n\t\t                    <div class=\"author\">\r\n                                \t\t                        <div class=\"author-info\">\r\n\t\t                            <h5>Moe<\/h5>\r\n\t\t                            <span class=\"author-loacation\">Thailand<\/span>\r\n\t\t                        <\/div>\r\n\t\t                    <\/div>\r\n\t\t              <\/div>\r\n                <\/div>\r\n\r\n            \t\t\t\t\t\t\t\t<!-- TESTIMONIAL GRID ITEM -->\r\n                <div class=\"col-lg-4 col-sm-6\">\r\n                    <div class=\"testimonial-item\">\r\n\t\t                  <div class=\"review\">\r\n\t\t                        <h3>Cozy Oasis Away From City<\/h3>\r\n                                <div class=\"rating\">\r\n                                    <i class=\"fa fa-star\" aria-hidden=\"true\"><\/i><i class=\"fa fa-star\" aria-hidden=\"true\"><\/i><i class=\"fa fa-star\" aria-hidden=\"true\"><\/i><i class=\"fa fa-star\" aria-hidden=\"true\"><\/i><i class=\"fa fa-star\" aria-hidden=\"true\"><\/i>                                <\/div>\r\n\t\t                        <p>Gem\u00fctliche Oase abseits der Stadt\n\nDieser Ort ist absolut atemberaubend oben in den Bergen und in der Gegend von Mae Rim. Etwa 30 Minuten von Chiang Mai entfernt. In der N\u00e4he des Elefantenschutzgebiets und einer Menge Wasserf\u00e4lle. Das Grundst\u00fcck hat einen See und eine Menge B\u00e4ume. Es gibt viele Pl\u00e4tze zum Sitzen und Entspannen. Das WiFi funktioniert perfekt auf dem Grundst\u00fcck. Das Essen, das sie serviert war auch wirklich gut. Das Personal war super zuvorkommend und sehr hilfsbereit. W\u00fcrde auf jeden Fall empfehlen diesen Ort 10\/10.\n\nJanuar 07, 2022<\/p>\r\n\t\t                    <\/div>\r\n\t\t                    <div class=\"author\">\r\n                                \t\t                        <div class=\"author-info\">\r\n\t\t                            <h5>Deborah<\/h5>\r\n\t\t                            <span class=\"author-loacation\">United States<\/span>\r\n\t\t                        <\/div>\r\n\t\t                    <\/div>\r\n\t\t              <\/div>\r\n                <\/div>\r\n\r\n            \t\t\t\t\t\t\t\t<!-- TESTIMONIAL GRID ITEM -->\r\n                <div class=\"col-lg-4 col-sm-6\">\r\n                    <div class=\"testimonial-item\">\r\n\t\t                  <div class=\"review\">\r\n\t\t                        <h3>Awesome staff<\/h3>\r\n                                <div class=\"rating\">\r\n                                    <i class=\"fa fa-star\" aria-hidden=\"true\"><\/i><i class=\"fa fa-star\" aria-hidden=\"true\"><\/i><i class=\"fa fa-star\" aria-hidden=\"true\"><\/i><i class=\"fa fa-star\" aria-hidden=\"true\"><\/i><i class=\"fa fa-star-o\" aria-hidden=\"true\"><\/i>                                <\/div>\r\n\t\t                        <p>Das Personal ist gro\u00dfartig und hat einen Service-Gedanken\n\nDezember 2021<\/p>\r\n\t\t                    <\/div>\r\n\t\t                    <div class=\"author\">\r\n                                \t\t                        <div class=\"author-info\">\r\n\t\t                            <h5>Adsadang<\/h5>\r\n\t\t                            <span class=\"author-loacation\">Thailand<\/span>\r\n\t\t                        <\/div>\r\n\t\t                    <\/div>\r\n\t\t              <\/div>\r\n                <\/div>\r\n\r\n                                <\/div>\r\n\r\n        <\/div><\/div><\/div><\/div>\n<\/div>","protected":false},"excerpt":{"rendered":"","protected":false},"author":3,"featured_media":0,"parent":0,"menu_order":0,"comment_status":"closed","ping_status":"closed","template":"","meta":{"footnotes":""},"class_list":["post-1110","page","type-page","status-publish","hentry"],"_links":{"self":[{"href":"https:\/\/hinkhongvilla.com\/de\/wp-json\/wp\/v2\/pages\/1110","targetHints":{"allow":["GET"]}}],"collection":[{"href":"https:\/\/hinkhongvilla.com\/de\/wp-json\/wp\/v2\/pages"}],"about":[{"href":"https:\/\/hinkhongvilla.com\/de\/wp-json\/wp\/v2\/types\/page"}],"author":[{"embeddable":true,"href":"https:\/\/hinkhongvilla.com\/de\/wp-json\/wp\/v2\/users\/3"}],"replies":[{"embeddable":true,"href":"https:\/\/hinkhongvilla.com\/de\/wp-json\/wp\/v2\/comments?post=1110"}],"version-history":[{"count":1,"href":"https:\/\/hinkhongvilla.com\/de\/wp-json\/wp\/v2\/pages\/1110\/revisions"}],"predecessor-version":[{"id":2598,"href":"https:\/\/hinkhongvilla.com\/de\/wp-json\/wp\/v2\/pages\/1110\/revisions\/2598"}],"wp:attachment":[{"href":"https:\/\/hinkhongvilla.com\/de\/wp-json\/wp\/v2\/media?parent=1110"}],"curies":[{"name":"wp","href":"https:\/\/api.w.org\/{rel}","templated":true}]}}