{"id":3,"date":"2021-10-11T09:27:07","date_gmt":"2021-10-11T09:27:07","guid":{"rendered":"https:\/\/hinkhongvilla.com\/?page_id=3"},"modified":"2023-01-14T05:57:07","modified_gmt":"2023-01-14T05:57:07","slug":"privacy-policy","status":"publish","type":"page","link":"https:\/\/hinkhongvilla.com\/de\/datenschutz\/","title":{"rendered":"Privacy Policy"},"content":{"rendered":"<div class=\"wpb-content-wrapper\"><div class=\"vc_row wpb_row vc_row-fluid\"><div class=\"wpb_column vc_column_container vc_col-sm-12\"><div class=\"vc_column-inner\"><div class=\"wpb_wrapper\">\n\t<div class=\"wpb_text_column wpb_content_element\" >\n\t\t<div class=\"wpb_wrapper\">\n\t\t\t<h2 class=\"wp-block-heading\">Wer wir sind<\/h2>\n<p>Unsere Website-Adresse lautet: https:\/\/hinkhongvilla.com<\/p>\n<p>&nbsp;<\/p>\n<h2 class=\"wp-block-heading\">Kommentare<\/h2>\n<p>Wenn Besucher Kommentare auf der Website hinterlassen, erfassen wir die im Kommentarformular angezeigten Daten sowie die IP-Adresse und den User-Agent-String des Browsers des Besuchers, um die Spam-Erkennung zu erleichtern.<\/p>\n<p><!-- \/wp:post-content --><\/p>\n<p>&nbsp;<\/p>\n<p><!-- wp:heading --><\/p>\n<h2>Media<\/h2>\n<p><!-- \/wp:heading --><\/p>\n<p><!-- wp:paragraph -->Wenn Sie Bilder auf die Website hochladen, sollten Sie es vermeiden, Bilder hochzuladen, die eingebettete Standortdaten (EXIF-GPS) enthalten. Die Besucher der Website k\u00f6nnen alle Standortdaten von den Bildern auf der Website herunterladen und extrahieren.<\/p>\n<p><!-- \/wp:paragraph --><\/p>\n<p>&nbsp;<\/p>\n<p><!-- wp:heading --><\/p>\n<h2>Cookies<\/h2>\n<p><!-- \/wp:heading --><\/p>\n<p><!-- wp:paragraph -->Wenn Sie einen Kommentar auf unserer Website hinterlassen, k\u00f6nnen Sie sich damit einverstanden erkl\u00e4ren, dass Ihr Name, Ihre E-Mail-Adresse und Ihre Website in Cookies gespeichert werden. Diese dienen Ihrer Bequemlichkeit, damit Sie Ihre Daten nicht erneut eingeben m\u00fcssen, wenn Sie einen weiteren Kommentar hinterlassen. Diese Cookies sind ein Jahr lang g\u00fcltig.<\/p>\n<p><!-- \/wp:paragraph --><\/p>\n<p><!-- wp:paragraph -->Wenn Sie unsere Anmeldeseite besuchen, setzen wir ein tempor\u00e4res Cookie, um festzustellen, ob Ihr Browser Cookies zul\u00e4sst. Dieses Cookie enth\u00e4lt keine pers\u00f6nlichen Daten und wird gel\u00f6scht, wenn Sie Ihren Browser schlie\u00dfen.<\/p>\n<p><!-- \/wp:paragraph --><\/p>\n<p><!-- wp:paragraph -->Wenn Sie sich anmelden, legen wir au\u00dferdem mehrere Cookies an, um Ihre Anmeldeinformationen und die von Ihnen gew\u00e4hlten Bildschirmoptionen zu speichern. Die Anmelde-Cookies bleiben zwei Tage lang gespeichert, die Cookies f\u00fcr die Bildschirmoptionen ein Jahr lang. Wenn Sie \"Remember Me\" w\u00e4hlen, bleibt Ihr Login zwei Wochen lang erhalten. Wenn Sie sich von Ihrem Konto abmelden, werden die Anmelde-Cookies entfernt.<\/p>\n<p><!-- \/wp:paragraph --><!-- \/wp:paragraph --><\/p>\n<p>&nbsp;<\/p>\n<p><!-- wp:heading --><\/p>\n<h2>Eingebettete Inhalte von anderen Websites<\/h2>\n<p><!-- \/wp:heading --><\/p>\n<p><!-- wp:paragraph -->Die Artikel auf dieser Website k\u00f6nnen eingebettete Inhalte (z. B. Videos, Bilder, Artikel usw.) enthalten. Eingebettete Inhalte von anderen Websites verhalten sich genau so, als ob der Besucher die andere Website besucht h\u00e4tte.<\/p>\n<p><!-- \/wp:paragraph --><\/p>\n<p><!-- wp:paragraph -->Diese Websites k\u00f6nnen Daten \u00fcber Sie sammeln, Cookies verwenden, zus\u00e4tzliche Trackingfunktionen von Dritten einbetten und Ihre Interaktion mit diesen eingebetteten Inhalten \u00fcberwachen, einschlie\u00dflich der Verfolgung Ihrer Interaktion mit den eingebetteten Inhalten, wenn Sie ein Konto haben und auf dieser Website angemeldet sind.<\/p>\n<p><!-- \/wp:paragraph --><\/p>\n<p>&nbsp;<\/p>\n<p><!-- wp:heading --><\/p>\n<h2>Wie lange wir Ihre Daten aufbewahren<\/h2>\n<p><!-- \/wp:heading --><\/p>\n<p><!-- wp:paragraph -->Wenn Sie einen Kommentar hinterlassen, werden der Kommentar und seine Metadaten auf unbestimmte Zeit gespeichert. Auf diese Weise k\u00f6nnen wir Folgekommentare automatisch erkennen und genehmigen, anstatt sie in einer Moderationswarteschlange zu halten.<\/p>\n<p><!-- \/wp:paragraph --><\/p>\n<p><!-- wp:paragraph -->F\u00fcr Benutzer, die sich auf unserer Website registrieren (falls vorhanden), speichern wir auch die pers\u00f6nlichen Informationen, die sie in ihrem Benutzerprofil angeben. Alle Nutzer k\u00f6nnen ihre pers\u00f6nlichen Daten jederzeit einsehen, bearbeiten oder l\u00f6schen (sie k\u00f6nnen jedoch ihren Benutzernamen nicht \u00e4ndern). Auch die Administratoren der Website k\u00f6nnen diese Informationen einsehen und bearbeiten.<\/p>\n<p><!-- \/wp:paragraph --><\/p>\n<p>&nbsp;<\/p>\n<p><!-- wp:heading --><\/p>\n<h2>Welche Rechte Sie an Ihren Daten haben<\/h2>\n<p><!-- \/wp:heading --><\/p>\n<p>Sie k\u00f6nnen verlangen, dass wir alle personenbezogenen Daten, die wir \u00fcber Sie gespeichert haben, l\u00f6schen. Dies gilt nicht f\u00fcr Daten, die wir aus verwaltungstechnischen, rechtlichen oder Sicherheitsgr\u00fcnden aufbewahren m\u00fcssen.<\/p>\n<p><!-- \/wp:paragraph --><\/p>\n<p>&nbsp;<\/p>\n<p><!-- wp:heading --><\/p>\n<h2>Wohin wir Ihre Daten senden<\/h2>\n<p><!-- \/wp:heading --><\/p>\n<p><!-- wp:paragraph -->Die Kommentare der Besucher k\u00f6nnen durch einen automatischen Spam-Erkennungsdienst \u00fcberpr\u00fcft werden.<\/p>\n<p><!-- \/wp:paragraph --><\/p>\n<p>&nbsp;<\/p>\n\n\t\t<\/div>\n\t<\/div>\n<\/div><\/div><\/div><\/div><\/div>","protected":false},"excerpt":{"rendered":"Who we are Our website address is: https:\/\/hinkhongvilla.com. &nbsp; Comments When visitors leave comments on the site we collect the data shown in the comments form, and also the visitor\u2019s IP address and browser user agent string to help spam detection. &nbsp; Media If you upload images to the website, you should avoid uploading images [...]","protected":false},"author":1,"featured_media":2579,"parent":0,"menu_order":0,"comment_status":"closed","ping_status":"closed","template":"","meta":{"footnotes":""},"class_list":["post-3","page","type-page","status-publish","has-post-thumbnail","hentry"],"yoast_head":"<!-- This site is optimized with the Yoast SEO plugin v27.5 - https:\/\/yoast.com\/product\/yoast-seo-wordpress\/ -->\n<title>Privacy Policy - Hin Khong Villa<\/title>\n<meta name=\"description\" content=\"If you leave a comment on our site you may opt-in to saving your name, email address and website in cookies. These are for your convenience.\" \/>\n<meta name=\"robots\" content=\"index, follow, max-snippet:-1, max-image-preview:large, max-video-preview:-1\" \/>\n<link rel=\"canonical\" href=\"https:\/\/hinkhongvilla.com\/de\/privacy-policy\/\" \/>\n<meta property=\"og:locale\" content=\"de_DE\" \/>\n<meta property=\"og:type\" content=\"article\" \/>\n<meta property=\"og:title\" content=\"Privacy Policy - Hin Khong Villa\" \/>\n<meta property=\"og:description\" content=\"If you leave a comment on our site you may opt-in to saving your name, email address and website in cookies. These are for your convenience.\" \/>\n<meta property=\"og:url\" content=\"https:\/\/hinkhongvilla.com\/de\/privacy-policy\/\" \/>\n<meta property=\"og:site_name\" content=\"Hin Khong Villa\" \/>\n<meta property=\"article:modified_time\" content=\"2023-01-14T05:57:07+00:00\" \/>\n<meta property=\"og:image\" content=\"https:\/\/hinkhongvilla.com\/wp-content\/uploads\/2021\/11\/cancellation-cross.jpg\" \/>\n\t<meta property=\"og:image:width\" content=\"800\" \/>\n\t<meta property=\"og:image:height\" content=\"518\" \/>\n\t<meta property=\"og:image:type\" content=\"image\/jpeg\" \/>\n<meta name=\"twitter:card\" content=\"summary_large_image\" \/>\n<meta name=\"twitter:label1\" content=\"Gesch\u00e4tzte Lesezeit\" \/>\n\t<meta name=\"twitter:data1\" content=\"2\u00a0Minuten\" \/>\n<script type=\"application\/ld+json\" class=\"yoast-schema-graph\">{\"@context\":\"https:\\\/\\\/schema.org\",\"@graph\":[{\"@type\":\"WebPage\",\"@id\":\"https:\\\/\\\/hinkhongvilla.com\\\/privacy-policy\\\/\",\"url\":\"https:\\\/\\\/hinkhongvilla.com\\\/privacy-policy\\\/\",\"name\":\"Privacy Policy - Hin Khong Villa\",\"isPartOf\":{\"@id\":\"https:\\\/\\\/hinkhongvilla.com\\\/#website\"},\"primaryImageOfPage\":{\"@id\":\"https:\\\/\\\/hinkhongvilla.com\\\/privacy-policy\\\/#primaryimage\"},\"image\":{\"@id\":\"https:\\\/\\\/hinkhongvilla.com\\\/privacy-policy\\\/#primaryimage\"},\"thumbnailUrl\":\"https:\\\/\\\/hinkhongvilla.com\\\/wp-content\\\/uploads\\\/2021\\\/11\\\/cancellation-cross.jpg\",\"datePublished\":\"2021-10-11T09:27:07+00:00\",\"dateModified\":\"2023-01-14T05:57:07+00:00\",\"description\":\"If you leave a comment on our site you may opt-in to saving your name, email address and website in cookies. These are for your convenience.\",\"breadcrumb\":{\"@id\":\"https:\\\/\\\/hinkhongvilla.com\\\/privacy-policy\\\/#breadcrumb\"},\"inLanguage\":\"de\",\"potentialAction\":[{\"@type\":\"ReadAction\",\"target\":[\"https:\\\/\\\/hinkhongvilla.com\\\/privacy-policy\\\/\"]}]},{\"@type\":\"ImageObject\",\"inLanguage\":\"de\",\"@id\":\"https:\\\/\\\/hinkhongvilla.com\\\/privacy-policy\\\/#primaryimage\",\"url\":\"https:\\\/\\\/hinkhongvilla.com\\\/wp-content\\\/uploads\\\/2021\\\/11\\\/cancellation-cross.jpg\",\"contentUrl\":\"https:\\\/\\\/hinkhongvilla.com\\\/wp-content\\\/uploads\\\/2021\\\/11\\\/cancellation-cross.jpg\",\"width\":800,\"height\":518,\"caption\":\"Hin Khong Villa cancellation policy\"},{\"@type\":\"BreadcrumbList\",\"@id\":\"https:\\\/\\\/hinkhongvilla.com\\\/privacy-policy\\\/#breadcrumb\",\"itemListElement\":[{\"@type\":\"ListItem\",\"position\":1,\"name\":\"Home\",\"item\":\"https:\\\/\\\/hinkhongvilla.com\\\/\"},{\"@type\":\"ListItem\",\"position\":2,\"name\":\"Privacy Policy\"}]},{\"@type\":\"WebSite\",\"@id\":\"https:\\\/\\\/hinkhongvilla.com\\\/#website\",\"url\":\"https:\\\/\\\/hinkhongvilla.com\\\/\",\"name\":\"Hin Khong Villa\",\"description\":\"Homestay Resort in Mae Rim Thailand\",\"publisher\":{\"@id\":\"https:\\\/\\\/hinkhongvilla.com\\\/#organization\"},\"potentialAction\":[{\"@type\":\"SearchAction\",\"target\":{\"@type\":\"EntryPoint\",\"urlTemplate\":\"https:\\\/\\\/hinkhongvilla.com\\\/?s={search_term_string}\"},\"query-input\":{\"@type\":\"PropertyValueSpecification\",\"valueRequired\":true,\"valueName\":\"search_term_string\"}}],\"inLanguage\":\"de\"},{\"@type\":\"Organization\",\"@id\":\"https:\\\/\\\/hinkhongvilla.com\\\/#organization\",\"name\":\"Hin Kong Villa\",\"url\":\"https:\\\/\\\/hinkhongvilla.com\\\/\",\"logo\":{\"@type\":\"ImageObject\",\"inLanguage\":\"de\",\"@id\":\"https:\\\/\\\/hinkhongvilla.com\\\/#\\\/schema\\\/logo\\\/image\\\/\",\"url\":\"https:\\\/\\\/hinkhongvilla.com\\\/wp-content\\\/uploads\\\/2021\\\/10\\\/hin-khong-villa-logo-web.jpg\",\"contentUrl\":\"https:\\\/\\\/hinkhongvilla.com\\\/wp-content\\\/uploads\\\/2021\\\/10\\\/hin-khong-villa-logo-web.jpg\",\"width\":500,\"height\":161,\"caption\":\"Hin Kong Villa\"},\"image\":{\"@id\":\"https:\\\/\\\/hinkhongvilla.com\\\/#\\\/schema\\\/logo\\\/image\\\/\"},\"sameAs\":[\"https:\\\/\\\/www.instagram.com\\\/hin.khong.villa\"]}]}<\/script>\n<!-- \/ Yoast SEO plugin. -->","yoast_head_json":{"title":"Datenschutzrichtlinie - Hin Khong Villa","description":"Wenn Sie einen Kommentar auf unserer Website hinterlassen, k\u00f6nnen Sie der Speicherung Ihres Namens, Ihrer E-Mail-Adresse und Ihrer Website in Cookies zustimmen. Diese sind f\u00fcr Ihre Bequemlichkeit.","robots":{"index":"index","follow":"follow","max-snippet":"max-snippet:-1","max-image-preview":"max-image-preview:large","max-video-preview":"max-video-preview:-1"},"canonical":"https:\/\/hinkhongvilla.com\/de\/privacy-policy\/","og_locale":"de_DE","og_type":"article","og_title":"Privacy Policy - Hin Khong Villa","og_description":"If you leave a comment on our site you may opt-in to saving your name, email address and website in cookies. These are for your convenience.","og_url":"https:\/\/hinkhongvilla.com\/de\/privacy-policy\/","og_site_name":"Hin Khong Villa","article_modified_time":"2023-01-14T05:57:07+00:00","og_image":[{"width":800,"height":518,"url":"https:\/\/hinkhongvilla.com\/wp-content\/uploads\/2021\/11\/cancellation-cross.jpg","type":"image\/jpeg"}],"twitter_card":"summary_large_image","twitter_misc":{"Gesch\u00e4tzte Lesezeit":"2\u00a0Minuten"},"schema":{"@context":"https:\/\/schema.org","@graph":[{"@type":"WebPage","@id":"https:\/\/hinkhongvilla.com\/privacy-policy\/","url":"https:\/\/hinkhongvilla.com\/privacy-policy\/","name":"Datenschutzrichtlinie - Hin Khong Villa","isPartOf":{"@id":"https:\/\/hinkhongvilla.com\/#website"},"primaryImageOfPage":{"@id":"https:\/\/hinkhongvilla.com\/privacy-policy\/#primaryimage"},"image":{"@id":"https:\/\/hinkhongvilla.com\/privacy-policy\/#primaryimage"},"thumbnailUrl":"https:\/\/hinkhongvilla.com\/wp-content\/uploads\/2021\/11\/cancellation-cross.jpg","datePublished":"2021-10-11T09:27:07+00:00","dateModified":"2023-01-14T05:57:07+00:00","description":"Wenn Sie einen Kommentar auf unserer Website hinterlassen, k\u00f6nnen Sie der Speicherung Ihres Namens, Ihrer E-Mail-Adresse und Ihrer Website in Cookies zustimmen. Diese sind f\u00fcr Ihre Bequemlichkeit.","breadcrumb":{"@id":"https:\/\/hinkhongvilla.com\/privacy-policy\/#breadcrumb"},"inLanguage":"de","potentialAction":[{"@type":"ReadAction","target":["https:\/\/hinkhongvilla.com\/privacy-policy\/"]}]},{"@type":"ImageObject","inLanguage":"de","@id":"https:\/\/hinkhongvilla.com\/privacy-policy\/#primaryimage","url":"https:\/\/hinkhongvilla.com\/wp-content\/uploads\/2021\/11\/cancellation-cross.jpg","contentUrl":"https:\/\/hinkhongvilla.com\/wp-content\/uploads\/2021\/11\/cancellation-cross.jpg","width":800,"height":518,"caption":"Hin Khong Villa cancellation policy"},{"@type":"BreadcrumbList","@id":"https:\/\/hinkhongvilla.com\/privacy-policy\/#breadcrumb","itemListElement":[{"@type":"ListItem","position":1,"name":"Home","item":"https:\/\/hinkhongvilla.com\/"},{"@type":"ListItem","position":2,"name":"Privacy Policy"}]},{"@type":"WebSite","@id":"https:\/\/hinkhongvilla.com\/#website","url":"https:\/\/hinkhongvilla.com\/","name":"Hin Khong Villa","description":"Homestay Resort in Mae Rim Thailand","publisher":{"@id":"https:\/\/hinkhongvilla.com\/#organization"},"potentialAction":[{"@type":"SearchAction","target":{"@type":"EntryPoint","urlTemplate":"https:\/\/hinkhongvilla.com\/?s={search_term_string}"},"query-input":{"@type":"PropertyValueSpecification","valueRequired":true,"valueName":"search_term_string"}}],"inLanguage":"de"},{"@type":"Organization","@id":"https:\/\/hinkhongvilla.com\/#organization","name":"Hin Kong Villa","url":"https:\/\/hinkhongvilla.com\/","logo":{"@type":"ImageObject","inLanguage":"de","@id":"https:\/\/hinkhongvilla.com\/#\/schema\/logo\/image\/","url":"https:\/\/hinkhongvilla.com\/wp-content\/uploads\/2021\/10\/hin-khong-villa-logo-web.jpg","contentUrl":"https:\/\/hinkhongvilla.com\/wp-content\/uploads\/2021\/10\/hin-khong-villa-logo-web.jpg","width":500,"height":161,"caption":"Hin Kong Villa"},"image":{"@id":"https:\/\/hinkhongvilla.com\/#\/schema\/logo\/image\/"},"sameAs":["https:\/\/www.instagram.com\/hin.khong.villa"]}]}},"_links":{"self":[{"href":"https:\/\/hinkhongvilla.com\/de\/wp-json\/wp\/v2\/pages\/3","targetHints":{"allow":["GET"]}}],"collection":[{"href":"https:\/\/hinkhongvilla.com\/de\/wp-json\/wp\/v2\/pages"}],"about":[{"href":"https:\/\/hinkhongvilla.com\/de\/wp-json\/wp\/v2\/types\/page"}],"author":[{"embeddable":true,"href":"https:\/\/hinkhongvilla.com\/de\/wp-json\/wp\/v2\/users\/1"}],"replies":[{"embeddable":true,"href":"https:\/\/hinkhongvilla.com\/de\/wp-json\/wp\/v2\/comments?post=3"}],"version-history":[{"count":3,"href":"https:\/\/hinkhongvilla.com\/de\/wp-json\/wp\/v2\/pages\/3\/revisions"}],"predecessor-version":[{"id":2684,"href":"https:\/\/hinkhongvilla.com\/de\/wp-json\/wp\/v2\/pages\/3\/revisions\/2684"}],"wp:featuredmedia":[{"embeddable":true,"href":"https:\/\/hinkhongvilla.com\/de\/wp-json\/wp\/v2\/media\/2579"}],"wp:attachment":[{"href":"https:\/\/hinkhongvilla.com\/de\/wp-json\/wp\/v2\/media?parent=3"}],"curies":[{"name":"wp","href":"https:\/\/api.w.org\/{rel}","templated":true}]}}